{"id":9006,"date":"2020-06-26T09:44:35","date_gmt":"2020-06-26T07:44:35","guid":{"rendered":"https:\/\/www.lak-vorarlberg.at\/?page_id=9006"},"modified":"2020-06-26T09:44:36","modified_gmt":"2020-06-26T07:44:36","slug":"impressum","status":"publish","type":"page","link":"https:\/\/www.lak-vorarlberg.at\/index.php\/impressum\/","title":{"rendered":"Impressum"},"content":{"rendered":"<div id=\"pl-gb9006-69f4fcc570c59\"  class=\"panel-layout\" ><div id=\"pg-gb9006-69f4fcc570c59-0\"  class=\"panel-grid panel-no-style\" ><div id=\"pgc-gb9006-69f4fcc570c59-0-0\"  class=\"panel-grid-cell\" ><div id=\"panel-gb9006-69f4fcc570c59-0-0-0\" class=\"so-panel widget widget_sow-editor panel-first-child panel-last-child\" data-index=\"0\" ><div\n\t\t\t\n\t\t\tclass=\"so-widget-sow-editor so-widget-sow-editor-base\"\n\t\t\t\n\t\t><h3 class=\"widget-title\">Sektion Dienstnehmer der LK Vorarlberg<\/h3>\n<div class=\"siteorigin-widget-tinymce textwidget\">\n\t<h2><\/h2>\n<p>Offenlegung nach \u00a7 25 Mediengesetz<\/p>\n<p><strong>Medieninhaber, Herausgeber und Eigent\u00fcmer<\/strong><\/p>\n<p>Sektion Dienstnehmer der LK Vorarlberg<\/p>\n<p>Montfortstra\u00dfe 9<\/p>\n<p>6900 Bregenz<\/p>\n<p>Tel: 05574\/400-770<\/p>\n<p>Fax: 05574\/400-600<\/p>\n<p>E-Mail: dienstnehmer@lk-vbg.at<\/p>\n<p>Web: www.landarbeiterkammer.at\/vorarlberg<\/p>\n<p>&nbsp;<\/p>\n<p><strong>Aufgabenstellung<\/strong><\/p>\n<p>Die Sektion Dienstnehmer ist die Interessenvertretung der Dienstnehmer und Dienstnehmerinnen in der Land- und Forstwirtschaft in Vorarlberg. Die grundlegende Richtung dieser Website entspricht jenen Grunds\u00e4tzen, die im Landwirtschaftskammergesetz verankert sind.<\/p>\n<p>Mit den Angeboten auf dieser Website bietet die Sektion Dienstnehmer ihren Mitgliedern ein umfangreiches, schnelles und einfach zug\u00e4ngliches Informationsservice &#8211; vor allem zu den Themen Recht, F\u00f6rderung, Weiterbildung und aktuelles Kammergeschehen &#8211; an. Zudem soll diese Website auch den Kontakt mit den einzelnen Mitgliedern in elektronischer Form erm\u00f6glichen.<\/p>\n<p>&nbsp;<\/p>\n<p><strong>Haftungsausschluss<\/strong><\/p>\n<p>Die Sektion Dienstnehmer bem\u00fcht sich um Aktualit\u00e4t, Vollst\u00e4ndigkeit und Richtigkeit auf Ihrer Website.<\/p>\n<p>Unsere Seiten enthalten Links auf externe Websites. Auf die Inhalte dieser verlinkten Websites haben wir keinen Einfluss. F\u00fcr die Richtigkeit der Inhalte der verlinkten Seiten ist der\/die jeweilige Anbieter\/in oder Betreiber\/in verantwortlich. F\u00fcr diese Inhalte \u00fcbernimmt die Sektion Dienstnehmer keinerlei Haftung und\/oder Gew\u00e4hrleistung.<\/p>\n<p>Der Inhalt auf verlinkten Websites wurde bei der Erstellung der Verlinkung auf eventuelle Rechtsverst\u00f6\u00dfe \u00fcberpr\u00fcft (soweit es zumutbar war). Wir haben jedoch nicht die M\u00f6glichkeit, die Inhalte der verlinkten Seiten dauerhaft zu \u00fcberpr\u00fcfen. Sollten wir jedoch auf m\u00f6gliche Rechtsverletzungen aufmerksam gemacht werden, \u00fcberpr\u00fcfen wir die Inhalte erneut und entfernen n\u00f6tigenfalls die Links.<\/p>\n<p>&nbsp;<\/p>\n<p><strong>Copyright<\/strong><\/p>\n<p>\u00a9 Sektion Dienstnehmer der Landwirtschaftskammer Vorarlberg<\/p>\n<p>Alle Rechte vorbehalten. Eine Verwendung von Texten und\/oder Bildern bedarf der schriftlichen Zustimmung der Sektion Dienstnehmer.<\/p>\n<p>Die Rechte einzelner Beitr\u00e4ge und Bildwerke liegen bei den jeweiligen Autorinnen\/Autoren und Fotografinnen\/Fotografen. Die Sektion Dienstnehmer verwendet auf ihrer Website Bildwerke von folgenden Fotoagenturen bzw. Fotografen:<\/p>\n<p>Eigenproduktionen, pixabay, Foto Stock<\/p>\n<p>&nbsp;<\/p>\n<p><strong>Respekt<\/strong><\/p>\n<p>Die Texte auf der Website der Sektion Dienstnehmer sollen niemanden in irgendeiner Form diskriminieren. Daher beziehen sich alle personenbezogenen Bezeichnungen &#8211; sofern nicht ohnedies unterschieden wird &#8211; auf beide Geschlechter.<\/p>\n<p><strong>Datenschutz-Hinweis<\/strong><\/p>\n<p>Diese Website benutzt Google Analytics, einen Webanalysedienst der Google Inc. (\u201eGoogle\u201c). Google Analytics verwendet sog. \u201eCookies\u201c, Textdateien, die auf Ihrem Computer gespeichert werden und die eine Analyse der Benutzung der Website durch Sie erm\u00f6glichen. Die durch den Cookie erzeugten Informationen \u00fcber Ihre Benutzung dieser Website (einschlie\u00dflich Ihrer IP-Adresse) wird an einen Server von Google in den USA \u00fcbertragen und dort gespeichert. Google wird diese Informationen benutzen, um Ihre Nutzung der Website auszuwerten, um Reports \u00fcber die Websiteaktivit\u00e4ten f\u00fcr die Websitebetreiber zusammenzustellen und um weitere mit der Websitenutzung und der Internetnutzung verbundene Dienstleistungen zu erbringen. Auch wird Google diese Informationen gegebenenfalls an Dritte \u00fcbertragen, sofern dies gesetzlich vorgeschrieben oder soweit Dritte diese Daten im Auftrag von Google verarbeiten. Google wird in keinem Fall Ihre IP-Adresse mit anderen Daten von Google in Verbindung bringen. Sie k\u00f6nnen die Installation der Cookies durch eine entsprechende Einstellung Ihrer Browser Software verhindern; wir weisen Sie jedoch darauf hin, dass Sie in diesem Fall gegebenenfalls nicht s\u00e4mtliche Funktionen dieser Website vollumf\u00e4nglich nutzen k\u00f6nnen. Der Datenerhebung und -speicherung kann jederzeit mit Wirkung f\u00fcr die Zukunft ach durch die Nutzung von Browser-Add-ons widersprochen werden. Durch die Nutzung dieser Website erkl\u00e4ren Sie sich mit der Bearbeitung der \u00fcber Sie erhobenen Daten durch Google in der zuvor beschriebenen Art und Weise und zu dem zuvor benannten Zweck einverstanden.<\/p>\n<p>&nbsp;<\/p>\n<\/div>\n<\/div><\/div><\/div><\/div><\/div>","protected":false},"excerpt":{"rendered":"<p>Offenlegung nach \u00a7 25 Mediengesetz Medieninhaber, Herausgeber und Eigent\u00fcmer Sektion Dienstnehmer der LK Vorarlberg Montfortstra\u00dfe 9 6900 Bregenz Tel: 05574\/400-770 Fax: 05574\/400-600 E-Mail: dienstnehmer@lk-vbg.at Web: www.landarbeiterkammer.at\/vorarlberg &nbsp; Aufgabenstellung Die Sektion Dienstnehmer ist die Interessenvertretung der Dienstnehmer und Dienstnehmerinnen in der Land- und Forstwirtschaft in Vorarlberg. Die grundlegende Richtung dieser Website entspricht jenen Grunds\u00e4tzen, die im [&hellip;]<\/p>\n","protected":false},"author":2,"featured_media":0,"parent":0,"menu_order":0,"comment_status":"closed","ping_status":"closed","template":"","meta":{"ngg_post_thumbnail":0,"footnotes":""},"class_list":["post-9006","page","type-page","status-publish","hentry"],"_links":{"self":[{"href":"https:\/\/www.lak-vorarlberg.at\/index.php\/wp-json\/wp\/v2\/pages\/9006","targetHints":{"allow":["GET"]}}],"collection":[{"href":"https:\/\/www.lak-vorarlberg.at\/index.php\/wp-json\/wp\/v2\/pages"}],"about":[{"href":"https:\/\/www.lak-vorarlberg.at\/index.php\/wp-json\/wp\/v2\/types\/page"}],"author":[{"embeddable":true,"href":"https:\/\/www.lak-vorarlberg.at\/index.php\/wp-json\/wp\/v2\/users\/2"}],"replies":[{"embeddable":true,"href":"https:\/\/www.lak-vorarlberg.at\/index.php\/wp-json\/wp\/v2\/comments?post=9006"}],"version-history":[{"count":7,"href":"https:\/\/www.lak-vorarlberg.at\/index.php\/wp-json\/wp\/v2\/pages\/9006\/revisions"}],"predecessor-version":[{"id":9013,"href":"https:\/\/www.lak-vorarlberg.at\/index.php\/wp-json\/wp\/v2\/pages\/9006\/revisions\/9013"}],"wp:attachment":[{"href":"https:\/\/www.lak-vorarlberg.at\/index.php\/wp-json\/wp\/v2\/media?parent=9006"}],"curies":[{"name":"wp","href":"https:\/\/api.w.org\/{rel}","templated":true}]}}