{"id":8912,"date":"2020-06-26T09:12:48","date_gmt":"2020-06-26T07:12:48","guid":{"rendered":"https:\/\/www.lak-vorarlberg.at\/?page_id=8912"},"modified":"2020-06-30T17:52:03","modified_gmt":"2020-06-30T15:52:03","slug":"datenschutzerklaerung","status":"publish","type":"page","link":"https:\/\/www.lak-vorarlberg.at\/index.php\/datenschutzerklaerung\/","title":{"rendered":"Datenschutzerkl\u00e4rung"},"content":{"rendered":"<div id=\"pl-gb8912-69fb2b3c3d8f8\"  class=\"panel-layout\" ><div id=\"pg-gb8912-69fb2b3c3d8f8-0\"  class=\"panel-grid panel-no-style\" ><div id=\"pgc-gb8912-69fb2b3c3d8f8-0-0\"  class=\"panel-grid-cell\" ><div id=\"panel-gb8912-69fb2b3c3d8f8-0-0-0\" class=\"so-panel widget widget_sow-editor panel-first-child panel-last-child\" data-index=\"0\" ><div\n\t\t\t\n\t\t\tclass=\"so-widget-sow-editor so-widget-sow-editor-base\"\n\t\t\t\n\t\t>\n<div class=\"siteorigin-widget-tinymce textwidget\">\n\t<div id=\"pl-8926\" class=\"panel-layout\">\n<div id=\"pg-8926-0\" class=\"panel-grid panel-no-style\">\n<div id=\"pgc-8926-0-1\" class=\"panel-grid-cell\">\n<div id=\"panel-8926-0-1-0\" class=\"so-panel widget widget_black-studio-tinymce widget_black_studio_tinymce panel-first-child panel-last-child\" data-index=\"0\">\n<h3 class=\"widget-title\"><span class=\"light\">\u00a0<\/span><\/h3>\n<div class=\"textwidget\">\n<h3>1. Pr\u00e4ambel<\/h3>\n<p>1.1. In dieser Datenschutzerkl\u00e4rung informieren wir Sie \u00fcber die wichtigsten Aspekte der Datenverarbeitung im Rahmen von Vertretungs- und Beratungsleistungen (Mitglieder), Verwaltung und Verwendung ihrer Daten als Mitglied sowie Marketingma\u00dfnahmen sowie \u00fcber die Verwendung von Daten im Rahmen unserer sonstigen T\u00e4tigkeiten (zB Vertr\u00e4ge mit Lieferanten etc\u2026).<\/p>\n<h3>2. Aufgabe der Kammer<\/h3>\n<p>2.1. Die Kammer ist zur Wahrnehmung, Vertretung und F\u00f6rderung der wirtschaftlichen, beruflichen, sozialen und kulturellen Interessen der Arbeitnehmer und Arbeitnehmerinnen in der Land- und Forstwirtschaft aufgrund des Gesetzes berufen. Um diese T\u00e4tigkeit erbringen zu k\u00f6nnen, ist es notwendig, dass personenbezogene Daten von Mitgliedern aber auch von Nichtmitgliedern verarbeitet werden. Im Rahmen des Betriebes der Kammer werden auch allgemeine T\u00e4tigkeiten (Einkauf, B\u00fcrot\u00e4tigkeiten) durchgef\u00fchrt, und in diesem Rahmen werden ebenfalls personenbezogene Daten verarbeitet.<\/p>\n<p>2.2. Folgende <strong>Aufgaben<\/strong> der Kammer sind gesetzlich definiert:<\/p>\n<ul>\n<li>Interessenvertretung<\/li>\n<li>F\u00f6rderung<\/li>\n<li>Beratung und Bildung<\/li>\n<\/ul>\n<p><strong>2.3. Mitglieder<\/strong> der Kammer sind ohne R\u00fccksicht darauf, ob das Dienstverh\u00e4ltnis auf privatrechtlichem Vertrag oder Hoheitsakt beruht, alle Dienstnehmerinnen und Dienstnehmer &#8211; auch solche mit freiem Dienstvertrag -, die im Land Vorarlberg auf land- und forstwirtschaftlichem Gebiet besch\u00e4ftigt sind, sowie Personen, die im Anschluss an eine solche Besch\u00e4ftigung nicht l\u00e4nger als 26 Wochen arbeitslos sind.<\/p>\n<p>3. Zwecke der Verarbeitungsvorg\u00e4nge<br \/>\nWir f\u00fchren folgende Verarbeitungsvorg\u00e4nge durch, die f\u00fcr Sie als Mitglied, Klient oder Website-Besucher oder Vertragspartner wesentlich sind.<\/p>\n<p><strong>3.1. Mitgliederverwaltung<\/strong> (zur Verwaltung der Mitglieder)<\/p>\n<p><strong>3.2. Rechtsberatung<\/strong> (zur Beratung und Vertretung von Klienten)<\/p>\n<p><strong>3.3. Marketing<\/strong> (zur Information der Mitglieder und der \u00d6ffentlichkeit)<\/p>\n<p><strong>3.4. Lieferanten- und Auftraggeberverwaltung <\/strong>(zur Abwicklung unseres Verkaufs\/Einkaufs- sowie unseres Backoffices)<\/p>\n<p><strong>3.5. Verwendung von Bilddaten <\/strong><\/p>\n<p><strong>3.6. Kontaktformular auf der Website<\/strong><\/p>\n<p><strong>3.7. Website-Tracking &amp; Cookies<\/strong> (zur Verbesserung unseres Webauftrittes und zur Gew\u00e4hrleistung der IT-Sicherheit)<\/p>\n<p>&nbsp;<\/p>\n<h3>4. Empf\u00e4ngerkategorien<\/h3>\n<p>Im Rahmen der\u00a0 Verarbeitungsvorg\u00e4nge \u00fcbermitteln wir Daten an folgende Empf\u00e4nger\u00adkategorien, wobei die Empf\u00e4nger in unserem Auftrag t\u00e4tig sind, oder die \u00dcbermittlung zur Erf\u00fcllung vertraglicher oder gesetzlicher Verpflichtungen notwendig ist:<br \/>\nAnspruchsgegner, Vertreter des Anspruchsgegners, Beh\u00f6rde und Ansprechpartner bei den Beh\u00f6rden, Gerichte, andere Kammern und freiwillige oder gesetzliche Interessensvertretungen, IT-Dienstleister im Rahmen der Betreuung, Sozialversicherungstr\u00e4ger, Rechtsvertreter, Steuerberater, Wirtschaftspr\u00fcfer, Finanzamt, Versicherungen, Hauptausschuss sowie Vertreter in den Gremien und die Aufsichtsbeh\u00f6rde, Statistik Austria.<\/p>\n<h3>5. Verwendungszwecke, Speicherdauer, Verpflichtung zur Datenbereitstellung<\/h3>\n<p>5.1. Mitgliederverwaltung (zur Verwaltung der Mitglieder)<br \/>\nAufgrund gesetzlicher Grundlage sind bestimmte Personen Kammermitglieder. Wir erhalten die Daten von der Sozialversicherung auf gesetzlicher Basis und verarbeiten diese im Rahmen der gesetzlichen Bestimmungen im \u00f6ffentlichen Interesse bzw. aufgrund des Gesetzes (steuerliche Aufbewahrungspflichten, Aufbewahrungspflicht gem\u00e4\u00df Haushaltsordnung der Kammer).<br \/>\nDie Daten speichern wir w\u00e4hrend ihrer Mitgliedschaft und dar\u00fcberhinaus f\u00fcr einen Zeitraum von 10 Jahren nach Beendigung der Mitgliedschaft gem\u00e4\u00df der Haushaltsordnung.<br \/>\nDie Daten werden auf gesetzlicher Basis bereitgestellt.<\/p>\n<p>5.2. Rechtsberatung (zur Beratung und Vertretung von Klienten)<br \/>\nSie treten mit einer Frage an uns heran und wir beraten Sie oder vertreten Sie gegen\u00fcber einem Anspruchsgegner oder einer Beh\u00f6rde (zB Sozialversicherung und\/oder Gericht) auf Basis des Mandates (Rechtsgrundlage: Vertragsanbahnung oder Vertrag). Eine weitere Grundlage f\u00fcr die Datenverwendung ist das Gesetz (Gew\u00e4hrleistungs- und Schadenersatzpflichten, steuerliche Aufbewahrungspflichten, Aufbewahrungspflicht gem\u00e4\u00df Haushaltsordnung der Kammer).<\/p>\n<p>Das anwendbare Recht ist eine bundesrechtliche Gesetzesmaterie und ist es notwendig, dass die Sachverhalte, die Grundlage von gerichtlichen oder beh\u00f6rdlichen Entscheidungen sind, \u00f6sterreichweit gleichf\u00f6rmig entschieden werden. Der Austausch von Informationen im Rahmen der gesamten Organisation der Kammern der Arbeiter und Angestellten in der Land- und Forstwirtschaft sowie mit anderen freiwilligen und gesetzlichen Interessensvertretungen ist daher eine wesentliche Grundlage, um unsere T\u00e4tigkeit \u00f6sterreichweit abgestimmt und im Interesse unserer Klienten erbringen zu k\u00f6nnen (berechtigtes Interesse). Wenn Sie diesen Austausch von Informationen nicht w\u00fcnschen, dann teilen Sie uns das bitte im Rahmen des Erstgespr\u00e4ches bzw. der Vollmachtserteilung mit; wir werden dies selbstverst\u00e4ndlich respektieren (Widerspruchsrecht; siehe dazu auch Punkt 6.4.)<\/p>\n<p>Sofern es sich nur um eine rein telefonische Beratungsleistung handelt, werden die Daten verarbeitet, die Sie uns bekannt geben, und zur Dokumentation unserer T\u00e4tigkeit abgespeichert.<\/p>\n<p>Die Daten speichern wir w\u00e4hrend des Mandatsverh\u00e4ltnisses und dar\u00fcberhinaus f\u00fcr einen Zeitraum von 30 Jahren nach Beendigung des Mandates bzw. rechtskr\u00e4ftiger Beendigung des Verfahrens.<\/p>\n<p>Sie sind nicht verpflichtet, uns Daten bereit zu stellen; wenn Sie jedoch die Daten nicht zur Verf\u00fcgung stellen, dann k\u00f6nnen wir die Leistung nicht erbringen.<\/p>\n<p>5.3. Marketing (zur Information der Mitglieder und der \u00d6ffentlichkeit)<br \/>\nWir betreiben Marketing, um Sie und die \u00d6ffentlichkeit \u00fcber unsere Leistungen zu informieren, und Ihnen allgemeine Informationen unserer Arbeit sowie zu relevanten Themen im Rahmen unserer Interessensvertretung zu geben. Dies beruht auf dem berechtigten Interesse, dass wir unsere Leistungen darstellen und Sie dar\u00fcber informieren (bei Zusendung per Post z.B. die Mitgliederzeitung) und Einwilligung (bei Zusendung von Informationen per Email). Sie haben jederzeit das <u>Recht auf Widerspruch<\/u> (siehe 6.4.) bzw. <u>Widerruf der Einwilligung<\/u> (siehe 6.3.)<\/p>\n<p>Die Daten speichern wir \u00fcber einen Zeitraum von drei Jahren nach dem letzten Kontakt.<br \/>\nSie sind nicht verpflichtet, die Daten bereit zu stellen. Wenn Sie die Daten nicht bereitstellen, dann k\u00f6nnen wir Ihnen keine Informationen zusenden.<\/p>\n<p>5.4. Lieferanten- und Auftraggeberverwaltung (zur Abwicklung unseres Verkaufs\/Einkaufs- sowie unseres Backoffices)<br \/>\nWir erhalten die Daten von Ihnen im Rahmen der Beziehung als Lieferant und\/oder Auftragnehmer unseres Unternehmens. Diese Daten sind zur Erf\u00fcllung des Vertrags erforderlich und werden \u00fcberdies zur Erf\u00fcllung gesetzlicher Verpflichtungen (zB steuerliche Aufbewahrungspflichten oder Gew\u00e4hrleistungs- und Schadenersatzverpflichtungen) verarbeitet. Wenn Sie ein Ansprechpartner unseres Vertragspartners sind, der keine nat\u00fcrliche Person ist, dann ist es unser berechtigtes Interesse an der reibungslosen Kommunikation und Dokumentation, ihre personenbezogenen Daten zu verarbeiten.<\/p>\n<p>Die Daten speichern wir w\u00e4hrend der Gesch\u00e4ftsbeziehung und dar\u00fcberhinaus f\u00fcr einen Zeitraum von 10 Jahren nach Beendigung derselben (Haushaltsordnung), insbes. um steuerliche Aufbewahrungspflichten erf\u00fcllen zu k\u00f6nnen sowie solange Gew\u00e4hrleistungs- und Schadenersatzanspr\u00fcche (max. 30 Jahre bei Leistungen f\u00fcr unbewegliche Sachen) es notwendig machen, dass die Daten verarbeitet werden, wobei diese sodann in einem Archiv mit gesonderten Zugangsregelungen verarbeitet werden. Sie sind nicht verpflichtet, uns Daten bereit zu stellen; wenn Sie jedoch die Daten nicht zur Verf\u00fcgung stellen, dann k\u00f6nnen wir die Leistung nicht erbringen.<\/p>\n<p>5.5. Verwendung von Bilddaten (Veranstaltungen, Events, \u2026)<\/p>\n<p>Es werden Bilder von unterschiedlichen Veranstaltungen angefertigt. Diese werden dazu verwendet, um die Leistungen unserer Organisation der \u00d6ffentlichkeit darzustellen.<\/p>\n<p>Bei den Einladungen und den Veranstaltungen wird im Vorfeld darauf hingewiesen, dass fotografiert wird. Der Fotograf wird instruiert, bei Kleingruppen, die abgebildet werden, die Einwilligung einzuholen. Wenn gr\u00f6\u00dfere Gruppen bei den Veranstaltungen fotografiert werden, dienen die Bilder dazu, unsere Organisation bekannter zu machen und das Image unserer Organisation zu f\u00f6rdern und wir ver\u00f6ffentlichen diese Bilder im Internet und in gedruckten Informationen \u00fcber unsere Organisationen (berechtigtes Interesse).<\/p>\n<p>Wenn Sie in einer kleinen Gruppe fotografiert werden, dann wird der Fotograf vor Anfertigung des Bildes nachfragen, ob in die Verarbeitung eingewilligt wird, und Sie werden die M\u00f6glichkeit haben, zur Seite zu treten, und nicht auf dem Bild abgebildet sein. Sie haben das Recht, die Einwilligung jederzeit mit Wirkung f\u00fcr die Zukunft zu widerrufen (siehe auch Punkt 6.3.)<\/p>\n<p>Es besteht ein Recht auf Widerspruch (siehe Punkt 6.4.), sofern die Verarbeitung auf dem berechtigten Interesse beruht. Da Sie sich bei diesen Veranstaltungen in einen \u00f6ffentlichen Raum zu einer Veranstaltung, an deren Vermarktung unsere Organisation Interesse hat, begeben haben, ist diese Erwartungshaltung auch in die Betrachtung beim Widerspruch einzubeziehen.<\/p>\n<p>Im Falle des Widerrufes oder berechtigten Widerspruches werden die Bilddaten sofern technisch m\u00f6glich gel\u00f6scht und entfernt, und es wird versucht, die Entfernung aus etwaigen sonstigen Medien oder sonstigen Medien zu veranlassen. Printbrosch\u00fcren werden nach einem Widerruf oder berechtigtem Widerspruch nicht vernichtet. Mit Einlangen des Widerrufs bzw. berechtigten Widerspruches werden die Daten dann nicht mehr f\u00fcr den Zweck verarbeitet. Sofern durch den Widerruf der Einwilligung und eine etwaige Untersagung der weiteren Verwendung Kosten (\u00c4nderung der Website, Vernichtung von gedruckten Informationen) entstehen, und kein berechtigtes Interesse an einem Widerruf vorliegt, sind die Kosten der \u00c4nderungen von der betroffenen Person zu tragen. Bei einem Widerspruch kommt es zu einer Interessenabw\u00e4gung, die auch dazu f\u00fchren kann, dass die Bilddaten weiterhin verwendet werden d\u00fcrfen.<\/p>\n<p>Die Daten werden sofern diese auf der eigenen Website ver\u00f6ffentlicht werden nach 3 Jahren oder bei Widerruf einer Einwilligung gel\u00f6scht. Bei der Verwendung in Printmedien kann eine L\u00f6schung nach Druck und Verbreitung nicht erfolgen. Werden diese Daten in Sozialen Netzwerken ver\u00f6ffentlicht, dann werden diese Daten nur bei Widerruf einer Einwilligung gel\u00f6scht.<\/p>\n<p>5.6. Kontaktformular auf der Website<br \/>\nSie k\u00f6nnen uns Anfragen zu unseren Leistungen oder allgemeine Anfragen durch ein Kontaktformular auf der Website senden; diese Daten werden dann zur Beantwortung ihrer Anfrage verwendet (berechtigtes Interesse bzw. Vertragsanbahnung, sofern die Anfrage in eine Beratungs- oder Vertretungsleistung \u00fcbergeht). Sie haben das Recht auf Widerspruch (siehe Punkt 6.4.).<br \/>\nDie Daten speichern wir f\u00fcr einen Zeitraum bis zum Ablauf des 3. Jahres nach Kontakt. Sie sind nicht verpflichtet, die Daten bereit zu stellen. Wenn Sie die Daten nicht bereitstellen, dann k\u00f6nnen wir die Anfrage nicht bearbeiten.<br \/>\n5.7. Website-Tracking<br \/>\nWir betreiben ein Analyse-Tool auf unserer Website um die Website zu verbessern, und Ihnen zielgerichteter Informationen zur Verf\u00fcgung stellen zu k\u00f6nnen, sowie zur Gew\u00e4hrleistung der Belastbarkeit und Verf\u00fcgbarkeit unserer Website und zur Gew\u00e4hrleistung der IT-Sicherheit (berechtigtes Interesse).<\/p>\n<p>Unsere Website verwendet Funktionen des Webanalysedienstes Google Analytics. Dazu werden Cookies verwendet, die Daten zur Analyse der Website-Benutzung erfassen. Die dadurch erzeugten Informationen werden anonymisiert (nur Teile der IP-Adresse) auf den Server des Anbieters \u00fcbertragen und dort gespeichert.<\/p>\n<p>Sie k\u00f6nnen dies verhindern, indem Sie Ihren Browser so einrichten, dass keine Cookies gespeichert werden. Es besteht ein dokumentierter Vertrag \u00fcber die Auftragsdatenverarbeitung. Der Anbieter hat seinen Sitz in den USA. Die Daten\u00fcbermittlung zum Webanalyseanbieter basiert auf dem Angemessenheitsbeschluss \u201ePrivacy Shield\u201c gem\u00e4\u00df Artikel 45 DSGVO sowie der Auftragsdatenverarbeitungsvereinbarung.<br \/>\nDie Datenverarbeitung erfolgt auf Basis der Einwilligung des Nutzers (durch die Einstellung des Webbrowsers und Abfrage beim ersten Aufruf) und berechtigtes Interesse. (Verbesserung des Angebotes und des Webauftrittes)<\/p>\n<p>Die Daten speichern wir f\u00fcr einen Zeitraum von 24 Monaten.<\/p>\n<p>5.8. Cookies<br \/>\nBei Aufruf unserer Website werden Sie gefragt, ob Sie die Verwendung von Cookies gestatten. Wenn Sie dies best\u00e4tigen, dann verwendet unsere Website sogenannte Cookies. Dabei handelt es sich um kleine Textdateien, die mit Hilfe des Browsers auf Ihrem Endger\u00e4t abgelegt werden. Sie richten keinen Schaden an. Wenn Sie dies nicht best\u00e4tigen, dann werden keine Cookies abgelegt.<\/p>\n<p>Die Verarbeitung beruht auf der Einwilligung, die sie jederzeit durch das L\u00f6schen von Cookies in ihrem Browser widerrufen k\u00f6nnen (siehe auch 6.4.)<\/p>\n<p>Wir nutzen Cookies um unser Web-Angebot nutzerfreundlich zu gestalten und zur Verbesserung der IT-Sicherheit. Einige Cookies bleiben auf Ihrem Endger\u00e4t gespeichert, bis Sie diese l\u00f6schen. Sie erm\u00f6glichen es uns, Ihren Browser beim n\u00e4chsten Besuch wiederzuerkennen.<\/p>\n<p>Wenn Sie dies nicht w\u00fcnschen, so k\u00f6nnen Sie Ihren Browser so einrichten, dass er Sie \u00fcber das Setzen von Cookies informiert und Sie dies nur im Einzelfall erlauben. Bei der Deaktivierung von Cookies kann die Funktionalit\u00e4t unserer Website eingeschr\u00e4nkt sein.<\/p>\n<p>&nbsp;<\/p>\n<h3>6. Rechte als betroffene Person<\/h3>\n<p>6.1. Wir erstellen keine Profile von Klienten oder sonstigen Personen und betreiben kein Profiling und es besteht keine automatisierte Entscheidungsfindung im Rahmen unserer T\u00e4tigkeit.<\/p>\n<p>6.2. Ihnen als betroffener Person steht grunds\u00e4tzlich das <u>Recht auf Auskunft<\/u>, <u>Berichtigung<\/u>, <u>L\u00f6schung<\/u>, <u>Einschr\u00e4nkung<\/u> und <u>Daten\u00fcbertragbarkeit jeweils im Rahmen der gesetzlichen Bestimmungen<\/u> zu.<\/p>\n<p>6.3. Sofern Sie uns eine <u>Einwilligung<\/u> zur Verarbeitung ihrer Daten gegeben haben, steht Ihnen das Recht zu, diese Einwilligung jederzeit zu widerrufen. Die Rechtm\u00e4\u00dfigkeit der Verarbeitung der Daten bis zum Widerruf wird dadurch nicht ber\u00fchrt. Die Daten werden nach dem Widerruf nicht mehr f\u00fcr den Zweck, in den Sie eingewilligt haben (zB Email-Newsletter) verwendet.<\/p>\n<p>6.4. Sofern die Verarbeitung der Daten auf einem berechtigten Interesse beruht, haben Sie das Recht <u>Widerspruch<\/u> dagegen zu erheben. Widersprechen Sie der Verarbeitung f\u00fcr Zwecke der Direktwerbung, so werden die personenbezogenen Daten nicht mehr f\u00fcr diese Zwecke verarbeitet. Werden Daten von uns f\u00fcr andere Zwecke auf Basis des berechtigten Interesses verarbeitet, dann verarbeiten wir die personenbezogenen Daten nicht mehr, es sei denn, wir haben zwingende schutzw\u00fcrdige Gr\u00fcnde f\u00fcr die Verarbeitung, die Ihre Interessen, Rechte und Freiheiten \u00fcberwiegen, oder die Verarbeitung dient der Geltendmachung, Aus\u00fcbung oder Verteidigung von Rechtsanspr\u00fcchen.<\/p>\n<p>6.5. Zur Aus\u00fcbung Ihrer Rechte wenden Sie sich bitte an:<br \/>\nSektion Dienstnehmer der LK Vorarlberg, Montfortstra\u00dfe 9, 6900 Bregenz<\/p>\n<p>6.6. Wenn Sie glauben, dass die Verarbeitung Ihrer Daten gegen das Datenschutzrecht verst\u00f6\u00dft oder Ihre datenschutzrechtlichen Anspr\u00fcche sonst in irgendeiner Weise verletzt worden sind, steht es Ihnen frei, bei einer Aufsichtsbeh\u00f6rde nach der DSGVO (in \u00d6sterreich z. B. \u00d6sterreichische Datenschutzbeh\u00f6rde) Beschwerde zu erheben.<\/p>\n<p>6.7. F\u00fcr allgemeine Datenschutzfragen k\u00f6nnen Sie zudem unseren Datenschutzbeauftragten kontaktieren:<br \/>\n<strong>Rechtsanwalt Dr. Thomas Schweiger, LL.M. (Duke)<\/strong><br \/>\nc\/o SMP Schweiger Mohr &amp; Partner Rechtsanw\u00e4lte OG<br \/>\nHuemerstrasse 1 \/ Kaplanhofstrasse 2, 4020 Linz<\/p>\n<p>Tel: 05 05 10 10 email: <a href=\"mailto:office@dataprotect.at\">office@dataprotect.at<\/a><\/p>\n<\/div>\n<\/div>\n<\/div>\n<\/div>\n<\/div>\n<div class=\"clearfix\"><\/div>\n<\/div>\n<\/div><\/div><\/div><\/div><\/div>","protected":false},"excerpt":{"rendered":"<p>\u00a0 1. Pr\u00e4ambel 1.1. In dieser Datenschutzerkl\u00e4rung informieren wir Sie \u00fcber die wichtigsten Aspekte der Datenverarbeitung im Rahmen von Vertretungs- und Beratungsleistungen (Mitglieder), Verwaltung und Verwendung ihrer Daten als Mitglied sowie Marketingma\u00dfnahmen sowie \u00fcber die Verwendung von Daten im Rahmen unserer sonstigen T\u00e4tigkeiten (zB Vertr\u00e4ge mit Lieferanten etc\u2026). 2. Aufgabe der Kammer 2.1. Die Kammer [&hellip;]<\/p>\n","protected":false},"author":2,"featured_media":0,"parent":0,"menu_order":0,"comment_status":"closed","ping_status":"closed","template":"","meta":{"ngg_post_thumbnail":0,"footnotes":""},"class_list":["post-8912","page","type-page","status-publish","hentry"],"_links":{"self":[{"href":"https:\/\/www.lak-vorarlberg.at\/index.php\/wp-json\/wp\/v2\/pages\/8912","targetHints":{"allow":["GET"]}}],"collection":[{"href":"https:\/\/www.lak-vorarlberg.at\/index.php\/wp-json\/wp\/v2\/pages"}],"about":[{"href":"https:\/\/www.lak-vorarlberg.at\/index.php\/wp-json\/wp\/v2\/types\/page"}],"author":[{"embeddable":true,"href":"https:\/\/www.lak-vorarlberg.at\/index.php\/wp-json\/wp\/v2\/users\/2"}],"replies":[{"embeddable":true,"href":"https:\/\/www.lak-vorarlberg.at\/index.php\/wp-json\/wp\/v2\/comments?post=8912"}],"version-history":[{"count":10,"href":"https:\/\/www.lak-vorarlberg.at\/index.php\/wp-json\/wp\/v2\/pages\/8912\/revisions"}],"predecessor-version":[{"id":9068,"href":"https:\/\/www.lak-vorarlberg.at\/index.php\/wp-json\/wp\/v2\/pages\/8912\/revisions\/9068"}],"wp:attachment":[{"href":"https:\/\/www.lak-vorarlberg.at\/index.php\/wp-json\/wp\/v2\/media?parent=8912"}],"curies":[{"name":"wp","href":"https:\/\/api.w.org\/{rel}","templated":true}]}}